{"id":12,"date":"2015-01-07T19:38:30","date_gmt":"2015-01-07T19:38:30","guid":{"rendered":"http:\/\/pharmalawalbania.com\/?page_id=12"},"modified":"2015-05-03T19:44:54","modified_gmt":"2015-05-03T19:44:54","slug":"rreth-nesh-2","status":"publish","type":"page","link":"https:\/\/www.apka.al\/?page_id=12","title":{"rendered":"Anetaret"},"content":{"rendered":"<div class=\"fusion-fullwidth fullwidth-box\" style=\"background-attachment:scroll;background-color:no;background-position:left top;background-repeat:no-repeat;-webkit-background-size:cover;-moz-background-size:cover;-o-background-size:cover;background-size:cover;border-color:#eae9e9;border-bottom-width: 0px;border-top-width: 0px;border-bottom-style: solid;border-top-style: solid;padding-bottom:0px;padding-left:0px;padding-right:0px;padding-top:0px;\"><div class=\"avada-row\"><div class=\"fusion-two-third two_third fusion-column\">\n<h2><strong>1.Everest IE<\/strong><\/h2>\n<p>E krijuar n\u00eb 1995, EVEREST IE \u00ebsht\u00eb lider n\u00eb fush\u00ebn e prodhimit dhe stampimit t\u00eb ambalazheve plastike fleksibile prej polietileni dhe ricikluesi m\u00eb i madh i mbetjeve prej polietilenit n\u00eb Shqip\u00ebri.<\/p>\n<p>Produktet kryesore listojn\u00eb: qese shopping p\u00ebr supermarkete dhe aktivitete t\u00eb tjera, qese mbeturinash t\u00eb standarteve dhe ngjyrave t\u00eb ndryshme, \u00e7anta p\u00ebr butik\u00eb dhe aktivitete t\u00eb tjera treg\u00ebtare, ambalazhe p\u00ebr produkte ushqimore, ambalazhe p\u00ebr materiale nd\u00ebrtimi, etiketa p\u00ebr shishet e l\u00ebngjeve, ujit dhe pijeve t\u00eb ndryshme, l\u00ebnd\u00eb t\u00eb par\u00eb t\u00eb ricikluar granulat polietileni etj.<\/p>\n<p>Ve\u00e7ori dalluese e shoq\u00ebris\u00eb \u00ebsht\u00eb se sasia m\u00eb e madhe e produkteve ofrohet nga l\u00ebnd\u00eb t\u00eb para t\u00eb ricikluara, duke patur k\u00ebshtu jo vet\u00ebm avantazh n\u00eb kostot e prodhimit, por edhe duke rip\u00ebrdorur l\u00ebnd\u00ebt e para nga vendi, fakt ky q\u00eb sjell ruajtjen dhe zhvillimin e nj\u00eb mjedisi t\u00eb q\u00ebndruesh\u00ebm.<\/div><div class=\"fusion-one-third one_third fusion-column last\">Adresa: Rruga Yzberish, M\u00ebzez, Komuna Kashar, Tiran\u00eb, Albania<\/p>\n<p>Tel:+355 42 40 77 77<\/p>\n<p>Fax:+355 42 40 77 78<\/p>\n<p>Cel:+355 69 20 90 854<\/p>\n<p>E-mail: info@everestie.com<\/p>\n<p>\u00cbeb: www.everestie.com<\/div><div class=\"fusion-clearfix\"><\/div><div class=\"fusion-two-third two_third fusion-column\">\n<h2><strong>2.AL-MAR sh.p.k.<\/strong><\/h2>\n<p>Al- Mar Shpk zhvillon aktivitetin e saj n\u00eb fush\u00ebn e prodhimit t\u00eb ambalazheve plastike dhe t\u00eb letr\u00ebs, me dhe pa stampim, t\u00eb formave dhe dimensioneve t\u00eb ndryshme. AL-MAR ka qen\u00eb fabrika e par\u00eb shqiptare e k\u00ebtij lloji n\u00eb vendin ton\u00eb.<\/p>\n<p>Q\u00eb nga fillimi i aktivitetit e deri tani, kemi arritur t\u00eb konsolidohemi si n\u00eb cil\u00ebsin\u00eb e produkteve dhe n\u00eb shumllojshm\u00ebrine e tyre. Tashm\u00eb\u00a0 realizojn\u00eb nj\u00eb gam\u00eb t\u00eb madhe produktesh, t\u00eb gjitha t\u00eb standarteve Europiane. Fabrika \u00ebsht\u00eb unike n\u00eb Shqip\u00ebri p\u00ebr stampime fleksografike dhe rotogravure ne polietilen, PP, OPP, BOPP, PET, flet\u00eb alumini dhe let\u00ebr.<\/p>\n<p>N\u00ebp\u00ebrmjet makinerive moderne t\u00eb fabrik\u00ebs, arrijm\u00eb t\u00eb realizojm\u00eb t\u00eb gjitha llojet e stampimeve duke b\u00ebr\u00eb t\u00eb mundur p\u00ebr cdo klient t\u00eb realizoj\u00eb paketimin e produktit sipas imazhit t\u00eb mark\u00ebs s\u00eb tij.<\/div><div class=\"fusion-one-third one_third fusion-column last\">Adresa: Autostrada Durres &#8211; Tirane, Km2 Durres, AL<\/p>\n<p>Tel: +355 692031702<\/p>\n<p>Tel: +355\u00a0692024108<\/p>\n<p>E-mail: info@almar.al<\/p>\n<p>\u00cbeb: \u00eb\u00eb\u00eb.almar.al<\/div><div class=\"fusion-clearfix\"><\/div><div class=\"fusion-two-third two_third fusion-column\">\n<h2><strong>3.Poly Pack shpk<\/strong><\/h2>\n<p>POLYPACK Sh.p.k \u00ebsht\u00eb fabrik\u00eb moderne e prodhimit t\u00eb ambalazheve t\u00eb plasmasit dhe ofron nj\u00eb gam\u00eb t\u00eb gjer\u00eb produktesh edhe me stamp\u00eb duke reklamuar aktivitetin tuaj n\u00ebp\u00ebr cdo qese (paketim plasmasi). Kapacitet t\u00eb larte dhe cil\u00ebsi t\u00eb garantuar.<\/div><div class=\"fusion-one-third one_third fusion-column last\">Adresa: Prush, Vaqarr<br \/>\nTel. : 042227720<br \/>\nCel. : 0693442883\/0682085389<\/p>\n<p>Telefon : +355 44804563<\/p>\n<p>Fax: +355 44804564<\/p>\n<p>Email: polypack_info@yahoo.com<\/div><div class=\"fusion-clearfix\"><\/div><div class=\"fusion-two-third two_third fusion-column\">\n<h2><strong>4.RIA PLASTIK Shpk<\/strong><\/h2>\n<p>Fabrika &#8220;R-I-A PLASTIK&#8221; \u00ebsht\u00eb hapur n\u00eb vitin 2005 dhe \u00ebsht\u00eb zgjeruar m\u00eb tej n\u00eb vitin 2011 n\u00eb Tiran\u00eb duke shtuar dhe produkte t\u00eb reja si tubo me dy shtresa, tub te drejt\u00eb, kuti celsa prize 3, 4, dhe 6 module, kuti PT br\u00ebnda murit dhe bashkuese t\u00eb tubit fleksib\u00ebl.<\/div><div class=\"fusion-one-third one_third fusion-column last\">Adresa: AUTOSTRADA TR-DR Km 7 KASHAR TIRANE<\/p>\n<p>Tel: +355 424 067 67<\/p>\n<p>Cel: 068 90 33 736<\/p>\n<p>E-mail: info@riaplastik.al<\/p>\n<p>\u00cbeb: www.riaplastik.al<\/div><div class=\"fusion-clearfix\"><\/div><div class=\"fusion-two-third two_third fusion-column\">\n<h2><strong>5.Bell Shpk<\/strong><\/h2>\n<p>Kompania \u00ebsht\u00eb profilizuar n\u00eb prodhimin e materialeve t\u00eb tilla si: qese plastike, thas\u00eb t\u00eb dimensioneve t\u00eb ndryshme t\u00eb cilat gjejn\u00eb p\u00ebrdorim kryesisht\u00a0 n\u00eb paketimin e produkteve t\u00eb ndryshme.<\/div><div class=\"fusion-one-third one_third fusion-column last\">Adresa:Autostrada Tiran\u00eb-Durres, Vor\u00eb<\/p>\n<p>Tel: 355 6920 35694<\/p>\n<p>Email: info@bellplast.com.al<\/div><div class=\"fusion-clearfix\"><\/div><div class=\"fusion-two-third two_third fusion-column\"><strong>6.Confort Shpk<\/strong><br \/>\nConfort shpk \u00ebsht\u00eb ngritur n\u00eb vitin 1995 n\u00eb qytetin e Durr\u00ebsit, si prodhuese e tubave, pajisjeve dhe ulluqeve me standarte europiane. Vizioni i saj \u00ebsht\u00eb q\u00eb t\u00eb b\u00ebhet nj\u00eb nga kompanit\u00eb lider n\u00eb prodhimin e tubacioneve plastike n\u00eb Europe. Confort njihet p\u00ebr risi,\u00a0 cil\u00ebsi dhe angazhim. Produktet e saj konkurojn\u00eb n\u00eb cilesi me ato europiane dhe me cmime tep\u00ebr t\u00eb favorshme.<\/p>\n<p>Produktet Confort p\u00ebrfshijn\u00eb nj\u00eb gam\u00eb t\u00eb gjer\u00eb t\u00eb gypave , pajisje dhe ulluqeve n\u00eb PVC, RPP dhe PPHT . Kujdes i ve\u00e7ant\u00eb i kushtohet p\u00ebrzgjedhjes se l\u00ebnd\u00ebve t\u00eb para, t\u00eb cilat jan\u00eb t\u00eb gjitha t\u00eb certifikuara sipas standardeve evropiane .<\/div><div class=\"fusion-one-third one_third fusion-column last\">Adresa: Autostrada Durr\u00ebs-Tiran\u00eb Km4<\/p>\n<p>Tel: +355 69 20 76 260<br \/>\nFax: +355 52 22 88 39<br \/>\nEmail: info@confort-al.com<\/div><div class=\"fusion-clearfix\"><\/div><div class=\"fusion-two-third two_third fusion-column\">\n<h2><strong>7. B Recycle<\/strong><\/h2>\n<p>BRECYCLE \u00ebsht\u00eb nj\u00eb nd\u00ebrmarrje e re, e cila ushtron aktivitetin e saj n\u00eb fush\u00ebn e p\u00ebrpunimit dhe riciklimit t\u00eb mbetjeve urbane dhe n\u00eb m\u00ebnyr\u00eb t\u00eb ve\u00e7ant\u00eb n\u00eb riciklimin e mbetjeve plastike.<\/p>\n<p>E pajisur me nj\u00eb impjant prej 2000 kg\/or\u00eb dhe n\u00eb gjendje p\u00ebr t\u00eb trajtuar deri n\u00eb 12000 ton\/vit shishe PET t\u00eb ardhura nga mbledhja e diferencuar duke prodhuar PET t\u00eb ricikluar n\u00eb form\u00eb kok\u00ebrizash me cil\u00ebsi t\u00eb lart\u00eb e aft\u00eb t\u00eb plot\u00ebsoj\u00eb k\u00ebrkesat p\u00ebr tregun e brendsh\u00ebm si dhe p\u00ebr eksport.<\/div><div class=\"fusion-one-third one_third fusion-column last\">Adresa: Rr. Ismail Qemali, p\u00ebrball\u00eb Liceut.<br \/>\nTel. +355 0 42 2 26 39 78\/+355 682026313<br \/>\nFax. +355 0 42 2 25 15 69<\/p>\n<p>Email : info@brecycle.al<\/p>\n<p>\u00cbebsite : www.brecycle.al55 0 42 2 25 15 69<\/div><div class=\"fusion-clearfix\"><\/div><div class=\"fusion-two-third two_third fusion-column\">\n<h2><strong>8.B.I.A.P Shpk<\/strong><\/h2>\n<p>Kompania B.I.A.P.Shpk \u00ebsht\u00eb inisiativ\u00eb e nj\u00eb grupi miqsh italo-shqiptar\u00eb t\u00eb cil\u00ebt operonin n\u00eb Itali dhe Shqip\u00ebri n\u00eb fusha t\u00eb ndryshme biznesi q\u00eb nuk kishin asnj\u00eb gj\u00eb t\u00eb p\u00ebrbashk\u00ebt me riciklimin.<br \/>\nKy projekt ka nisur q\u00eb n\u00eb pranver\u00ebn e vitit 2005 duke studjuar disa aktivitete t\u00eb ngjashme n\u00eb Itali ,Greqi, etj.<\/div><div class=\"fusion-one-third one_third fusion-column last\">Adresa: Autostrada Tirane-Durres, Vore<\/p>\n<p>Cel:069 20 87 090<\/p>\n<p>Email: info@biap.al<\/p>\n<p>Email:financa@biap.al<\/div><div class=\"fusion-clearfix\"><\/div><div class=\"fusion-two-third two_third fusion-column\">\n<h2><strong>9.Agroplast Shpk<\/strong><\/h2>\n<p>Agroplast Shpk \u00ebsht\u00eb nj\u00eb kompani Shqiptaro-Bullgare q\u00eb \u00ebsht\u00eb e specializuar n\u00eb prodhimin e pllakave plastike, flet\u00ebve , tubave dhe profileve .<\/p>\n<p>Adresa: Kashar, Tirane<\/div><div class=\"fusion-one-third one_third fusion-column last\">Tel:355 42253936<\/p>\n<p>Cel:355 6820 34227<\/p>\n<p>Email: agroplast@albaniaonline.com<\/div><div class=\"fusion-clearfix\"><\/div><\/div><\/div>\n","protected":false},"excerpt":{"rendered":"","protected":false},"author":1,"featured_media":0,"parent":0,"menu_order":0,"comment_status":"open","ping_status":"open","template":"","meta":{"footnotes":""},"class_list":["post-12","page","type-page","status-publish","hentry"],"_links":{"self":[{"href":"https:\/\/www.apka.al\/index.php?rest_route=\/wp\/v2\/pages\/12","targetHints":{"allow":["GET"]}}],"collection":[{"href":"https:\/\/www.apka.al\/index.php?rest_route=\/wp\/v2\/pages"}],"about":[{"href":"https:\/\/www.apka.al\/index.php?rest_route=\/wp\/v2\/types\/page"}],"author":[{"embeddable":true,"href":"https:\/\/www.apka.al\/index.php?rest_route=\/wp\/v2\/users\/1"}],"replies":[{"embeddable":true,"href":"https:\/\/www.apka.al\/index.php?rest_route=%2Fwp%2Fv2%2Fcomments&post=12"}],"version-history":[{"count":28,"href":"https:\/\/www.apka.al\/index.php?rest_route=\/wp\/v2\/pages\/12\/revisions"}],"predecessor-version":[{"id":160,"href":"https:\/\/www.apka.al\/index.php?rest_route=\/wp\/v2\/pages\/12\/revisions\/160"}],"wp:attachment":[{"href":"https:\/\/www.apka.al\/index.php?rest_route=%2Fwp%2Fv2%2Fmedia&parent=12"}],"curies":[{"name":"wp","href":"https:\/\/api.w.org\/{rel}","templated":true}]}}